{"id":459,"date":"2020-07-21T11:48:05","date_gmt":"2020-07-21T09:48:05","guid":{"rendered":"http:\/\/www.hab.eco\/?page_id=459"},"modified":"2020-11-05T14:19:50","modified_gmt":"2020-11-05T12:19:50","slug":"quienes-somos","status":"publish","type":"page","link":"https:\/\/www.hab.eco\/es\/quienes-somos\/","title":{"rendered":"Quienes somos"},"content":{"rendered":"\t\t<div data-elementor-type=\"wp-page\" data-elementor-id=\"459\" class=\"elementor elementor-459 elementor-91\" data-elementor-settings=\"[]\">\n\t\t\t\t\t\t<div class=\"elementor-inner\">\n\t\t\t\t\t\t\t<div class=\"elementor-section-wrap\">\n\t\t\t\t\t\t\t<section class=\"elementor-section elementor-top-section elementor-element elementor-element-32da851 elementor-section-boxed elementor-section-height-default elementor-section-height-default\" data-id=\"32da851\" data-element_type=\"section\">\n\t\t\t\t\t\t<div class=\"elementor-container elementor-column-gap-extended\">\n\t\t\t\t\t\t\t<div class=\"elementor-row\">\n\t\t\t\t\t<div class=\"elementor-column elementor-col-100 elementor-top-column elementor-element elementor-element-0a275c5 sc_inner_width_none sc_content_align_inherit sc_layouts_column_icons_position_left\" data-id=\"0a275c5\" data-element_type=\"column\">\n\t\t\t<div class=\"elementor-column-wrap elementor-element-populated\">\n\t\t\t\t\t\t\t<div class=\"elementor-widget-wrap\">\n\t\t\t\t\t\t<div class=\"elementor-element elementor-element-9822694 animation_type_block sc_fly_static elementor-widget elementor-widget-heading\" data-id=\"9822694\" data-element_type=\"widget\" data-widget_type=\"heading.default\">\n\t\t\t\t<div class=\"elementor-widget-container\">\n\t\t\t<h1 class=\"elementor-heading-title elementor-size-default\">Qui\u00e9nes somos<\/h1>\t\t<\/div>\n\t\t\t\t<\/div>\n\t\t\t\t<section class=\"elementor-section elementor-inner-section elementor-element elementor-element-7cd2191 elementor-section-boxed elementor-section-height-default elementor-section-height-default\" data-id=\"7cd2191\" data-element_type=\"section\">\n\t\t\t\t\t\t<div class=\"elementor-container elementor-column-gap-extended\">\n\t\t\t\t\t\t\t<div class=\"elementor-row\">\n\t\t\t\t\t<div class=\"elementor-column elementor-col-100 elementor-inner-column elementor-element elementor-element-f86ec02 sc_inner_width_none sc_content_align_inherit sc_layouts_column_icons_position_left\" data-id=\"f86ec02\" data-element_type=\"column\">\n\t\t\t<div class=\"elementor-column-wrap elementor-element-populated\">\n\t\t\t\t\t\t\t<div class=\"elementor-widget-wrap\">\n\t\t\t\t\t\t<div class=\"elementor-element elementor-element-5ec483b animation_type_block sc_fly_static elementor-widget elementor-widget-text-editor\" data-id=\"5ec483b\" data-element_type=\"widget\" data-widget_type=\"text-editor.default\">\n\t\t\t\t<div class=\"elementor-widget-container\">\n\t\t\t\t\t<div class=\"elementor-text-editor elementor-clearfix\"><p>hab.eco (h\u00e1bitat ecol\u00f3gico), nace con el objetivo de construir espacios donde podamos mejorar nuestra relaci\u00f3n con el medio ambiente.<\/p><p>Queremos reconectar con la naturaleza mediante la Arquitectura.<\/p><p>hab.eco construye viviendas sostenibles de una forma hol\u00edstica mediante el dise\u00f1o arquitect\u00f3nico que optimiza los recursos naturales, la construcci\u00f3n en madera contralaminada de alta calidad y sistemas de energ\u00eda con fuentes renovables y recicladas.<\/p><\/div>\n\t\t\t\t<\/div>\n\t\t\t\t<\/div>\n\t\t\t\t\t\t<\/div>\n\t\t\t\t\t<\/div>\n\t\t<\/div>\n\t\t\t\t\t\t\t\t<\/div>\n\t\t\t\t\t<\/div>\n\t\t<\/section>\n\t\t\t\t\t\t<\/div>\n\t\t\t\t\t<\/div>\n\t\t<\/div>\n\t\t\t\t\t\t\t\t<\/div>\n\t\t\t\t\t<\/div>\n\t\t<\/section>\n\t\t\t\t<section class=\"elementor-section elementor-top-section elementor-element elementor-element-ea12b59 elementor-section-boxed elementor-section-height-default elementor-section-height-default\" data-id=\"ea12b59\" data-element_type=\"section\">\n\t\t\t\t\t\t<div class=\"elementor-container elementor-column-gap-extended\">\n\t\t\t\t\t\t\t<div class=\"elementor-row\">\n\t\t\t\t\t<div class=\"elementor-column elementor-col-100 elementor-top-column elementor-element elementor-element-27bba00 sc_inner_width_none sc_content_align_inherit sc_layouts_column_icons_position_left\" data-id=\"27bba00\" data-element_type=\"column\">\n\t\t\t<div class=\"elementor-column-wrap elementor-element-populated\">\n\t\t\t\t\t\t\t<div class=\"elementor-widget-wrap\">\n\t\t\t\t\t\t<div class=\"elementor-element elementor-element-6c553c3 animation_type_block sc_fly_static elementor-widget elementor-widget-spacer\" data-id=\"6c553c3\" data-element_type=\"widget\" data-widget_type=\"spacer.default\">\n\t\t\t\t<div class=\"elementor-widget-container\">\n\t\t\t\t\t<div class=\"elementor-spacer\">\n\t\t\t<div class=\"elementor-spacer-inner\"><\/div>\n\t\t<\/div>\n\t\t\t\t<\/div>\n\t\t\t\t<\/div>\n\t\t\t\t\t\t<\/div>\n\t\t\t\t\t<\/div>\n\t\t<\/div>\n\t\t\t\t\t\t\t\t<\/div>\n\t\t\t\t\t<\/div>\n\t\t<\/section>\n\t\t\t\t<section class=\"elementor-section elementor-top-section elementor-element elementor-element-07d9765 elementor-section-boxed elementor-section-height-default elementor-section-height-default\" data-id=\"07d9765\" data-element_type=\"section\">\n\t\t\t\t\t\t<div class=\"elementor-container elementor-column-gap-extended\">\n\t\t\t\t\t\t\t<div class=\"elementor-row\">\n\t\t\t\t\t<div class=\"elementor-column elementor-col-50 elementor-top-column elementor-element elementor-element-5148697 sc_inner_width_none sc_content_align_inherit sc_layouts_column_icons_position_left\" data-id=\"5148697\" data-element_type=\"column\">\n\t\t\t<div class=\"elementor-column-wrap elementor-element-populated\">\n\t\t\t\t\t\t\t<div class=\"elementor-widget-wrap\">\n\t\t\t\t\t\t<div class=\"elementor-element elementor-element-d2bb51c animation_type_block sc_fly_static elementor-widget elementor-widget-image\" data-id=\"d2bb51c\" data-element_type=\"widget\" data-widget_type=\"image.default\">\n\t\t\t\t<div class=\"elementor-widget-container\">\n\t\t\t\t\t<div class=\"elementor-image\">\n\t\t\t\t\t\t\t\t\t\t<img width=\"1024\" height=\"791\" src=\"https:\/\/www.hab.eco\/wp-content\/uploads\/2020\/08\/escalable-modular-1-1024x791.jpg\" class=\"attachment-large size-large\" alt=\"\" loading=\"lazy\" srcset=\"https:\/\/www.hab.eco\/wp-content\/uploads\/2020\/08\/escalable-modular-1-1024x791.jpg 1024w, https:\/\/www.hab.eco\/wp-content\/uploads\/2020\/08\/escalable-modular-1-300x232.jpg 300w, https:\/\/www.hab.eco\/wp-content\/uploads\/2020\/08\/escalable-modular-1-768x593.jpg 768w, https:\/\/www.hab.eco\/wp-content\/uploads\/2020\/08\/escalable-modular-1-1536x1187.jpg 1536w, https:\/\/www.hab.eco\/wp-content\/uploads\/2020\/08\/escalable-modular-1-2048x1583.jpg 2048w, https:\/\/www.hab.eco\/wp-content\/uploads\/2020\/08\/escalable-modular-1-370x286.jpg 370w, https:\/\/www.hab.eco\/wp-content\/uploads\/2020\/08\/escalable-modular-1-750x580.jpg 750w\" sizes=\"(max-width: 1024px) 100vw, 1024px\" \/>\t\t\t\t\t\t\t\t\t\t\t<\/div>\n\t\t\t\t<\/div>\n\t\t\t\t<\/div>\n\t\t\t\t<div class=\"elementor-element elementor-element-6205101 animation_type_block sc_fly_static elementor-widget elementor-widget-spacer\" data-id=\"6205101\" data-element_type=\"widget\" data-widget_type=\"spacer.default\">\n\t\t\t\t<div class=\"elementor-widget-container\">\n\t\t\t\t\t<div class=\"elementor-spacer\">\n\t\t\t<div class=\"elementor-spacer-inner\"><\/div>\n\t\t<\/div>\n\t\t\t\t<\/div>\n\t\t\t\t<\/div>\n\t\t\t\t\t\t<\/div>\n\t\t\t\t\t<\/div>\n\t\t<\/div>\n\t\t\t\t<div class=\"elementor-column elementor-col-50 elementor-top-column elementor-element elementor-element-d5ed070 sc_inner_width_none sc_content_align_inherit sc_layouts_column_icons_position_left\" data-id=\"d5ed070\" data-element_type=\"column\">\n\t\t\t<div class=\"elementor-column-wrap elementor-element-populated\">\n\t\t\t\t\t\t\t<div class=\"elementor-widget-wrap\">\n\t\t\t\t\t\t<div class=\"elementor-element elementor-element-17cefbb animation_type_block sc_fly_static elementor-widget elementor-widget-image\" data-id=\"17cefbb\" data-element_type=\"widget\" data-widget_type=\"image.default\">\n\t\t\t\t<div class=\"elementor-widget-container\">\n\t\t\t\t\t<div class=\"elementor-image\">\n\t\t\t\t\t\t\t\t\t\t<img width=\"1024\" height=\"791\" src=\"https:\/\/www.hab.eco\/wp-content\/uploads\/2020\/10\/ecol\u00f3gico-econ\u00f3mico-1024x791.jpg\" class=\"attachment-large size-large\" alt=\"\" loading=\"lazy\" srcset=\"https:\/\/www.hab.eco\/wp-content\/uploads\/2020\/10\/ecol\u00f3gico-econ\u00f3mico-1024x791.jpg 1024w, https:\/\/www.hab.eco\/wp-content\/uploads\/2020\/10\/ecol\u00f3gico-econ\u00f3mico-300x232.jpg 300w, https:\/\/www.hab.eco\/wp-content\/uploads\/2020\/10\/ecol\u00f3gico-econ\u00f3mico-768x593.jpg 768w, https:\/\/www.hab.eco\/wp-content\/uploads\/2020\/10\/ecol\u00f3gico-econ\u00f3mico-1536x1187.jpg 1536w, https:\/\/www.hab.eco\/wp-content\/uploads\/2020\/10\/ecol\u00f3gico-econ\u00f3mico-2048x1583.jpg 2048w, https:\/\/www.hab.eco\/wp-content\/uploads\/2020\/10\/ecol\u00f3gico-econ\u00f3mico-370x286.jpg 370w, https:\/\/www.hab.eco\/wp-content\/uploads\/2020\/10\/ecol\u00f3gico-econ\u00f3mico-750x580.jpg 750w\" sizes=\"(max-width: 1024px) 100vw, 1024px\" \/>\t\t\t\t\t\t\t\t\t\t\t<\/div>\n\t\t\t\t<\/div>\n\t\t\t\t<\/div>\n\t\t\t\t<div class=\"elementor-element elementor-element-2d8cbae animation_type_block sc_fly_static elementor-widget elementor-widget-spacer\" data-id=\"2d8cbae\" data-element_type=\"widget\" data-widget_type=\"spacer.default\">\n\t\t\t\t<div class=\"elementor-widget-container\">\n\t\t\t\t\t<div class=\"elementor-spacer\">\n\t\t\t<div class=\"elementor-spacer-inner\"><\/div>\n\t\t<\/div>\n\t\t\t\t<\/div>\n\t\t\t\t<\/div>\n\t\t\t\t\t\t<\/div>\n\t\t\t\t\t<\/div>\n\t\t<\/div>\n\t\t\t\t\t\t\t\t<\/div>\n\t\t\t\t\t<\/div>\n\t\t<\/section>\n\t\t\t\t\t\t<\/div>\n\t\t\t\t\t\t<\/div>\n\t\t\t\t\t<\/div>\n\t\t","protected":false},"excerpt":{"rendered":"<p>Qui\u00e9nes somos hab.eco (h\u00e1bitat ecol\u00f3gico), nace con el objetivo de construir espacios donde podamos mejorar nuestra relaci\u00f3n con el medio ambiente. Queremos&hellip;<\/p>\n","protected":false},"author":1,"featured_media":0,"parent":0,"menu_order":0,"comment_status":"closed","ping_status":"closed","template":"","meta":[],"yoast_head":"<!-- This site is optimized with the Yoast SEO plugin v15.7 - https:\/\/yoast.com\/wordpress\/plugins\/seo\/ -->\n<title>Quienes somos - hab.eco<\/title>\n<meta name=\"robots\" content=\"index, follow, max-snippet:-1, max-image-preview:large, max-video-preview:-1\" \/>\n<link rel=\"canonical\" href=\"https:\/\/www.hab.eco\/es\/quienes-somos\/\" \/>\n<meta property=\"og:locale\" content=\"es_ES\" \/>\n<meta property=\"og:type\" content=\"article\" \/>\n<meta property=\"og:title\" content=\"Quienes somos - hab.eco\" \/>\n<meta property=\"og:description\" content=\"Qui\u00e9nes somos hab.eco (h\u00e1bitat ecol\u00f3gico), nace con el objetivo de construir espacios donde podamos mejorar nuestra relaci\u00f3n con el medio ambiente. Queremos&hellip;\" \/>\n<meta property=\"og:url\" content=\"https:\/\/www.hab.eco\/es\/quienes-somos\/\" \/>\n<meta property=\"og:site_name\" content=\"hab.eco\" \/>\n<meta property=\"article:modified_time\" content=\"2020-11-05T12:19:50+00:00\" \/>\n<meta property=\"og:image\" content=\"http:\/\/www.hab.eco\/wp-content\/uploads\/2020\/08\/escalable-modular-1-1024x791.jpg\" \/>\n<meta name=\"twitter:card\" content=\"summary_large_image\" \/>\n<script type=\"application\/ld+json\" class=\"yoast-schema-graph\">{\"@context\":\"https:\/\/schema.org\",\"@graph\":[{\"@type\":\"WebSite\",\"@id\":\"https:\/\/www.hab.eco\/#website\",\"url\":\"https:\/\/www.hab.eco\/\",\"name\":\"hab.eco\",\"description\":\"\",\"potentialAction\":[{\"@type\":\"SearchAction\",\"target\":\"https:\/\/www.hab.eco\/?s={search_term_string}\",\"query-input\":\"required name=search_term_string\"}],\"inLanguage\":\"es\"},{\"@type\":\"ImageObject\",\"@id\":\"https:\/\/www.hab.eco\/es\/quienes-somos\/#primaryimage\",\"inLanguage\":\"es\",\"url\":\"http:\/\/www.hab.eco\/wp-content\/uploads\/2020\/08\/escalable-modular-1-1024x791.jpg\"},{\"@type\":\"WebPage\",\"@id\":\"https:\/\/www.hab.eco\/es\/quienes-somos\/#webpage\",\"url\":\"https:\/\/www.hab.eco\/es\/quienes-somos\/\",\"name\":\"Quienes somos - hab.eco\",\"isPartOf\":{\"@id\":\"https:\/\/www.hab.eco\/#website\"},\"primaryImageOfPage\":{\"@id\":\"https:\/\/www.hab.eco\/es\/quienes-somos\/#primaryimage\"},\"datePublished\":\"2020-07-21T09:48:05+00:00\",\"dateModified\":\"2020-11-05T12:19:50+00:00\",\"inLanguage\":\"es\",\"potentialAction\":[{\"@type\":\"ReadAction\",\"target\":[\"https:\/\/www.hab.eco\/es\/quienes-somos\/\"]}]}]}<\/script>\n<!-- \/ Yoast SEO plugin. -->","_links":{"self":[{"href":"https:\/\/www.hab.eco\/es\/wp-json\/wp\/v2\/pages\/459"}],"collection":[{"href":"https:\/\/www.hab.eco\/es\/wp-json\/wp\/v2\/pages"}],"about":[{"href":"https:\/\/www.hab.eco\/es\/wp-json\/wp\/v2\/types\/page"}],"author":[{"embeddable":true,"href":"https:\/\/www.hab.eco\/es\/wp-json\/wp\/v2\/users\/1"}],"replies":[{"embeddable":true,"href":"https:\/\/www.hab.eco\/es\/wp-json\/wp\/v2\/comments?post=459"}],"version-history":[{"count":6,"href":"https:\/\/www.hab.eco\/es\/wp-json\/wp\/v2\/pages\/459\/revisions"}],"predecessor-version":[{"id":1896,"href":"https:\/\/www.hab.eco\/es\/wp-json\/wp\/v2\/pages\/459\/revisions\/1896"}],"wp:attachment":[{"href":"https:\/\/www.hab.eco\/es\/wp-json\/wp\/v2\/media?parent=459"}],"curies":[{"name":"wp","href":"https:\/\/api.w.org\/{rel}","templated":true}]}}