{"id":1763,"date":"2020-10-21T13:19:59","date_gmt":"2020-10-21T11:19:59","guid":{"rendered":"http:\/\/www.hab.eco\/?page_id=1763"},"modified":"2020-12-01T15:03:09","modified_gmt":"2020-12-01T13:03:09","slug":"politica-de-cookies","status":"publish","type":"page","link":"https:\/\/www.hab.eco\/es\/politica-de-cookies\/","title":{"rendered":"Pol\u00edtica de cookies"},"content":{"rendered":"\n<p>Las cookies son fundamentales para que puedas sacar el m\u00e1ximo provecho de nuestra p\u00e1gina web. De hecho, pr\u00e1cticamente todas las p\u00e1ginas web las utilizan. Las cookies guardan tus preferencias y otra informaci\u00f3n para ayudarnos a mejorar nuestra p\u00e1gina web, pero no te preocupes, ninguna informaci\u00f3n que recopilamos en nuestra p\u00e1gina web te identifica personalmente.<\/p>\n\n\n\n<p>Las cookies o galletas son archivos que se generan en las visitas a un web site y que contienen los datos de sesi\u00f3n, por lo que son \u00fatiles al web site para conocer la informaci\u00f3n de c\u00f3mo interact\u00faa el usuario.<\/p>\n\n\n\n<p>Las cookies utilizadas por el web site son:<\/p>\n\n\n\n<ul><li>Necesarias: Las que ayudan a que un sitio web sea utilizable al habilitar funciones b\u00e1sicas como la navegaci\u00f3n de p\u00e1ginas y el acceso a \u00e1reas seguras del sitio web. El sitio web puede no funcionar correctamente sin estas cookies<\/li><li>Preferencias: Las que permiten que un sitio web guarde la informaci\u00f3n que modifica, la forma en que se comporta o se muestra el sitio web, as\u00ed como, su idioma preferido o la regi\u00f3n en que se encuentra<\/li><li>Estad\u00edsticas: Las que ayudan a los propietarios de sitios Web, a comprender c\u00f3mo los visitantes interact\u00faan con los sitios mediante la recolecci\u00f3n y reporte de informaci\u00f3n an\u00f3nima<\/li><\/ul>\n\n\n\n<p>Todo usuario puede activar o desactivar la funci\u00f3n de aceptaci\u00f3n de cookies en su navegador, y dar la orden de borrarlas, en su caso.<\/p>\n\n\n\n<ul><li>Con Internet Explorer: Ver -&gt; Opciones de Internet -&gt; Opciones avanzadas<\/li><li>Con Firefox: Preferencias -&gt; Privacidad -&gt; Mostrar cookies<\/li><li>Con Google Chrome: Herramientas -&gt; Opciones (Preferencias en Mac) -&gt; Avanzadas -&gt; Privacidad -&gt; Configuraci\u00f3n de Contenido<\/li><li>Con Safari: Men\u00fa -&gt; Privacidad -&gt; Seguridad -&gt; Mostrar cookies<\/li><\/ul>\n","protected":false},"excerpt":{"rendered":"<p>Las cookies son fundamentales para que puedas sacar el m\u00e1ximo provecho de nuestra p\u00e1gina web. De hecho, pr\u00e1cticamente todas las p\u00e1ginas web&hellip;<\/p>\n","protected":false},"author":1,"featured_media":0,"parent":0,"menu_order":0,"comment_status":"closed","ping_status":"closed","template":"","meta":[],"yoast_head":"<!-- This site is optimized with the Yoast SEO plugin v15.7 - https:\/\/yoast.com\/wordpress\/plugins\/seo\/ -->\n<title>Pol\u00edtica de cookies - hab.eco<\/title>\n<meta name=\"robots\" content=\"index, follow, max-snippet:-1, max-image-preview:large, max-video-preview:-1\" \/>\n<link rel=\"canonical\" href=\"https:\/\/www.hab.eco\/es\/politica-de-cookies\/\" \/>\n<meta property=\"og:locale\" content=\"es_ES\" \/>\n<meta property=\"og:type\" content=\"article\" \/>\n<meta property=\"og:title\" content=\"Pol\u00edtica de cookies - hab.eco\" \/>\n<meta property=\"og:description\" content=\"Las cookies son fundamentales para que puedas sacar el m\u00e1ximo provecho de nuestra p\u00e1gina web. De hecho, pr\u00e1cticamente todas las p\u00e1ginas web&hellip;\" \/>\n<meta property=\"og:url\" content=\"https:\/\/www.hab.eco\/es\/politica-de-cookies\/\" \/>\n<meta property=\"og:site_name\" content=\"hab.eco\" \/>\n<meta property=\"article:modified_time\" content=\"2020-12-01T13:03:09+00:00\" \/>\n<meta name=\"twitter:card\" content=\"summary_large_image\" \/>\n<meta name=\"twitter:label1\" content=\"Est. reading time\">\n\t<meta name=\"twitter:data1\" content=\"2 minutos\">\n<script type=\"application\/ld+json\" class=\"yoast-schema-graph\">{\"@context\":\"https:\/\/schema.org\",\"@graph\":[{\"@type\":\"WebSite\",\"@id\":\"https:\/\/www.hab.eco\/#website\",\"url\":\"https:\/\/www.hab.eco\/\",\"name\":\"hab.eco\",\"description\":\"\",\"potentialAction\":[{\"@type\":\"SearchAction\",\"target\":\"https:\/\/www.hab.eco\/?s={search_term_string}\",\"query-input\":\"required name=search_term_string\"}],\"inLanguage\":\"es\"},{\"@type\":\"WebPage\",\"@id\":\"https:\/\/www.hab.eco\/es\/politica-de-cookies\/#webpage\",\"url\":\"https:\/\/www.hab.eco\/es\/politica-de-cookies\/\",\"name\":\"Pol\\u00edtica de cookies - hab.eco\",\"isPartOf\":{\"@id\":\"https:\/\/www.hab.eco\/#website\"},\"datePublished\":\"2020-10-21T11:19:59+00:00\",\"dateModified\":\"2020-12-01T13:03:09+00:00\",\"inLanguage\":\"es\",\"potentialAction\":[{\"@type\":\"ReadAction\",\"target\":[\"https:\/\/www.hab.eco\/es\/politica-de-cookies\/\"]}]}]}<\/script>\n<!-- \/ Yoast SEO plugin. -->","_links":{"self":[{"href":"https:\/\/www.hab.eco\/es\/wp-json\/wp\/v2\/pages\/1763"}],"collection":[{"href":"https:\/\/www.hab.eco\/es\/wp-json\/wp\/v2\/pages"}],"about":[{"href":"https:\/\/www.hab.eco\/es\/wp-json\/wp\/v2\/types\/page"}],"author":[{"embeddable":true,"href":"https:\/\/www.hab.eco\/es\/wp-json\/wp\/v2\/users\/1"}],"replies":[{"embeddable":true,"href":"https:\/\/www.hab.eco\/es\/wp-json\/wp\/v2\/comments?post=1763"}],"version-history":[{"count":3,"href":"https:\/\/www.hab.eco\/es\/wp-json\/wp\/v2\/pages\/1763\/revisions"}],"predecessor-version":[{"id":2008,"href":"https:\/\/www.hab.eco\/es\/wp-json\/wp\/v2\/pages\/1763\/revisions\/2008"}],"wp:attachment":[{"href":"https:\/\/www.hab.eco\/es\/wp-json\/wp\/v2\/media?parent=1763"}],"curies":[{"name":"wp","href":"https:\/\/api.w.org\/{rel}","templated":true}]}}