{"id":1761,"date":"2020-10-21T13:19:24","date_gmt":"2020-10-21T11:19:24","guid":{"rendered":"http:\/\/www.hab.eco\/?page_id=1761"},"modified":"2020-12-01T15:05:21","modified_gmt":"2020-12-01T13:05:21","slug":"aviso-legal","status":"publish","type":"page","link":"https:\/\/www.hab.eco\/es\/aviso-legal\/","title":{"rendered":"Aviso legal"},"content":{"rendered":"\n<p><strong><u>T\u00e9rminos y Condiciones Generales de uso<\/u><\/strong><\/p>\n\n\n\n<p><strong>A. INTRODUCCION<\/strong><\/p>\n\n\n\n<p><strong>1.<\/strong> AVISO LEGAL. Sociedad TEN NOU CON, SL, en lo sucesivo \u201cHAB.ECO\u201d, domiciliada en Calle Roger de Lluria, 20 \u2013 Planta Principal \u2013 Puerta 1\u00aa ; 08010 Barcelona, con CIF B65267270, inscrita en el Registro Mercantil de Barcelona, Tomo 41818, Folio 184, Hoja B 398140, Inscripci\u00f3n 2<\/p>\n\n\n\n<p>Este web site ha sido creado para su utilizaci\u00f3n (i) con car\u00e1cter informativo y para uso personal, y\/o (ii) con el car\u00e1cter de Usuario Registrado.<\/p>\n\n\n\n<p>Accediendo a este web site y a su contenido se acepta el mismo en los t\u00e9rminos y Condiciones Generales indicados a continuaci\u00f3n, los cuales podr\u00e1n ser modificados y actualizados por HAB.ECO con la finalidad de adecuarlos a las instrucciones de su Comitente, as\u00ed como a las modificaciones legislativas y reglamentarias, y nuevas pr\u00e1cticas y usos de mercado.<\/p>\n\n\n\n<p><strong>B. OBJETO<\/strong><\/p>\n\n\n\n<p><strong>2.<\/strong> El web site tiene por objeto prestar informaci\u00f3n y favorecer la comercializaci\u00f3n de la construcci\u00f3n bajo el r\u00e9gimen \u201cllave en mano\u201d de viviendas unifamiliares predise\u00f1adas con criterios de sostenibilidad para su ejecuci\u00f3n mediante un sistema constructivo que a\u00fana ahorro de costes, r\u00e1pida ejecuci\u00f3n y eficiencia de dise\u00f1o, mediante paneles de CLT de madera contra laminada expuesta en el interior, y con un sistema SAATE en el exterior, de aislamiento de lana de roca con una capa final de mortero. Las viviendas son modulares y permiten su ampliaci\u00f3n posterior, y tienen una gran inercia t\u00e9rmica gracias a su estructura de madera y el aislamiento exterior, tanto en fachada como en cubierta. Tambi\u00e9n incorporan un sistema de aerotermia que produce la climatizaci\u00f3n y el agua caliente ahorrando un 70% respecto a un sistema energ\u00e9tico tradicional de vivienda unifamiliar.<\/p>\n\n\n\n<p><strong>C. COMPROMISO DEL USUARIO<\/strong><\/p>\n\n\n\n<p><strong>3.<\/strong> Toda persona con capacidad de obrar no limitada podr\u00e1 adquirir la condici\u00f3n de Usuario Registrado mediante su inscripci\u00f3n como Usuario Registrado en el Registro de Usuarios del web site. Dicha inscripci\u00f3n supondr\u00e1 la aceptaci\u00f3n de las Condiciones Generales y de la pol\u00edtica de privacidad del web site.<\/p>\n\n\n\n<p><strong>4.<\/strong> Todo Usuario Registrado asume y acepta que los servicios ofrecidos y sus contenidos se enmarcan en la comercializaci\u00f3n de productos\/servicios de terceros. En consecuencia, el Usuario Registrado acepta que la informaci\u00f3n ofrecida es provisional y sujeta a la posterior modificaci\u00f3n, concreci\u00f3n, ratificaci\u00f3n o confirmaci\u00f3n del Comitente cuyo producto\/servicio se ofrece.<\/p>\n\n\n\n<p><strong>5.<\/strong> El Usuario Registrado responde personalmente de los datos e informaci\u00f3n facilitados, respondiendo de su completa legalidad.<\/p>\n\n\n\n<p><strong>D. GESTION DE DATOS DE CAR\u00c1CTER PERSONAL<\/strong><\/p>\n\n\n\n<p><strong>6.<\/strong> El registro de un Usuario supondr\u00e1 la lectura y aceptaci\u00f3n previa de la Pol\u00edtica de Privacidad del web site.<\/p>\n\n\n\n<p><strong>E. PROPIEDAD INTELECTUAL E INDUSTRIAL<\/strong><\/p>\n\n\n\n<p><strong>7.<\/strong> El presente web site, su dise\u00f1o gr\u00e1fico, c\u00f3digo fuente, elementos y contenidos son titularidad exclusiva y excluyente de HAB.ECO, as\u00ed como el software, programas y dem\u00e1s elementos utilizados para su funcionamiento. En consecuencia, todo Usuario Registrado queda obligado a respetar dichos derechos de propiedad industrial e intelectual.<\/p>\n\n\n\n<p><strong>8.<\/strong> Se hace especial referencia a los contenidos p\u00fablicos en el web site, cuya utilizaci\u00f3n directa o indirecta, reproducci\u00f3n total o parcial o pasteo en otros web sites queda terminantemente prohibida, salvo acuerdo expreso y escrito autorizado por HAB.ECO ad hoc e intuitu pesonae.<\/p>\n\n\n\n<p><strong>F. DISCLAIMERS<\/strong><\/p>\n\n\n\n<p><strong>9.<\/strong> Acceso y disponibilidad. HAB.ECO no se hace responsable del funcionamiento continuado del web site y en ning\u00fan caso lo garantiza. En consecuencia, HAB.ECO queda eximido de todo da\u00f1o y\/o perjuicio que el Usuario Registrado pueda sufrir a consecuencia de errores o interrupciones en el acceso, disponibilidad, fallos del web, etc. que pudieran acaecer.<\/p>\n\n\n\n<p><strong>10.<\/strong> &nbsp;HAB.ECO se hace responsable exclusivamente de que los contenidos ofrecidos responden fielmente a las caracter\u00edsticas de los productos\/servicios ofrecidos por su Comitente.<\/p>\n\n\n\n<p><strong>11.<\/strong> Las relaciones comerciales o contractuales entre los Usuarios Registrados y el tercero oferente de los productos\/servicios quedar\u00e1n en su exclusiva \u00f3rbita, sin perjuicio del negocio jur\u00eddico de mediaci\u00f3n entre HAB.ECO y su principal.<\/p>\n\n\n\n<p><strong>12.<\/strong> El contacto con web sites terceros a trav\u00e9s de links o enlaces es facilitado con total exenci\u00f3n de HAB.ECO de toda responsabilidad por su disponibilidad, uso, riesgo, correcci\u00f3n, fiabilidad t\u00e9cnica, veracidad de contenidos, salvaguarda t\u00e9cnica, etc. El web no se hace responsable ni directa, ni indirecta ni subsidiariamente de los perjuicios y\/o da\u00f1os que el usuario pueda sufrir, cualquiera que sea su naturaleza, con origen en web sites terceros a los que se haya accedido mediante link o enlace.<\/p>\n\n\n\n<p><strong>G. GESTION DE CONFLICTOS<\/strong><\/p>\n\n\n\n<p><strong>13.<\/strong> HAB.ECO se reserva el derecho de modificar o borrar contenidos y\/o negar el acceso temporal o definitivamente al web site o a los servicios que en la misma se ofrecen, sin previo aviso y con total indemnidad.<\/p>\n\n\n\n<p><strong>H. MISCELANEA<\/strong><\/p>\n\n\n\n<p><strong>14.<\/strong> Las relaciones jur\u00eddicas que afectan al web site se rigen por las Leyes del Reino de Espa\u00f1a. Para cualquier reclamaci\u00f3n, el usuario y el titular, con renuncia expresa a cualquier otro fuero, se someten a la Jurisdicci\u00f3n de a los Juzgados y Tribunales de Barcelona capital (Espa\u00f1a).<\/p>\n\n\n\n<p><strong>15.<\/strong> Las cookies o galletas son archivos que se generan en las visitas a un web site y que contienen los datos de sesi\u00f3n, por lo que son \u00fatiles al web site para conocer la informaci\u00f3n de c\u00f3mo interact\u00faa el usuario.<\/p>\n\n\n\n<p>Las cookies utilizadas por el web site son:<\/p>\n\n\n\n<ul><li>Las Necesarias: Las que ayudan a que un sitio web sea utilizable al habilitar funciones b\u00e1sicas como la navegaci\u00f3n de p\u00e1ginas y el acceso a \u00e1reas seguras del sitio web. El sitio web puede no funcionar correctamente sin estas cookies<\/li><li>Las de Preferencias: Las que permiten que un sitio web guarde la informaci\u00f3n que modifica, la forma en que se comporta o se muestra el sitio web, as\u00ed como, su idioma preferido o la regi\u00f3n en que se encuentra<\/li><li>Las Estad\u00edsticas: Las que ayudan a los propietarios de sitios Web, a comprender c\u00f3mo los visitantes interact\u00faan con los sitios mediante la recolecci\u00f3n y reporte de informaci\u00f3n an\u00f3nima<\/li><\/ul>\n\n\n\n<p>Todo Usuario puede activar o desactivar la funci\u00f3n de aceptaci\u00f3n de cookies en su navegador, y dar la orden de borrarlas, en su caso.<\/p>\n\n\n\n<p><strong>16.<\/strong> A los efectos de las presentes Condiciones de Uso y para cualquier comunicaci\u00f3n que sea precisa entre el Usuario y HAB.ECO, \u00e9stos deber\u00e1n dirigirse a lopd@hab.eco<\/p>\n","protected":false},"excerpt":{"rendered":"<p>T\u00e9rminos y Condiciones Generales de uso A. INTRODUCCION 1. AVISO LEGAL. Sociedad TEN NOU CON, SL, en lo sucesivo \u201cHAB.ECO\u201d, domiciliada en&hellip;<\/p>\n","protected":false},"author":1,"featured_media":0,"parent":0,"menu_order":0,"comment_status":"closed","ping_status":"closed","template":"","meta":[],"yoast_head":"<!-- This site is optimized with the Yoast SEO plugin v15.7 - https:\/\/yoast.com\/wordpress\/plugins\/seo\/ -->\n<title>Aviso legal - hab.eco<\/title>\n<meta name=\"robots\" content=\"index, follow, max-snippet:-1, max-image-preview:large, max-video-preview:-1\" \/>\n<link rel=\"canonical\" href=\"https:\/\/www.hab.eco\/es\/aviso-legal\/\" \/>\n<meta property=\"og:locale\" content=\"es_ES\" \/>\n<meta property=\"og:type\" content=\"article\" \/>\n<meta property=\"og:title\" content=\"Aviso legal - hab.eco\" \/>\n<meta property=\"og:description\" content=\"T\u00e9rminos y Condiciones Generales de uso A. INTRODUCCION 1. AVISO LEGAL. Sociedad TEN NOU CON, SL, en lo sucesivo \u201cHAB.ECO\u201d, domiciliada en&hellip;\" \/>\n<meta property=\"og:url\" content=\"https:\/\/www.hab.eco\/es\/aviso-legal\/\" \/>\n<meta property=\"og:site_name\" content=\"hab.eco\" \/>\n<meta property=\"article:modified_time\" content=\"2020-12-01T13:05:21+00:00\" \/>\n<meta name=\"twitter:card\" content=\"summary_large_image\" \/>\n<meta name=\"twitter:label1\" content=\"Est. reading time\">\n\t<meta name=\"twitter:data1\" content=\"5 minutos\">\n<script type=\"application\/ld+json\" class=\"yoast-schema-graph\">{\"@context\":\"https:\/\/schema.org\",\"@graph\":[{\"@type\":\"WebSite\",\"@id\":\"https:\/\/www.hab.eco\/#website\",\"url\":\"https:\/\/www.hab.eco\/\",\"name\":\"hab.eco\",\"description\":\"\",\"potentialAction\":[{\"@type\":\"SearchAction\",\"target\":\"https:\/\/www.hab.eco\/?s={search_term_string}\",\"query-input\":\"required name=search_term_string\"}],\"inLanguage\":\"es\"},{\"@type\":\"WebPage\",\"@id\":\"https:\/\/www.hab.eco\/es\/aviso-legal\/#webpage\",\"url\":\"https:\/\/www.hab.eco\/es\/aviso-legal\/\",\"name\":\"Aviso legal - hab.eco\",\"isPartOf\":{\"@id\":\"https:\/\/www.hab.eco\/#website\"},\"datePublished\":\"2020-10-21T11:19:24+00:00\",\"dateModified\":\"2020-12-01T13:05:21+00:00\",\"inLanguage\":\"es\",\"potentialAction\":[{\"@type\":\"ReadAction\",\"target\":[\"https:\/\/www.hab.eco\/es\/aviso-legal\/\"]}]}]}<\/script>\n<!-- \/ Yoast SEO plugin. -->","_links":{"self":[{"href":"https:\/\/www.hab.eco\/es\/wp-json\/wp\/v2\/pages\/1761"}],"collection":[{"href":"https:\/\/www.hab.eco\/es\/wp-json\/wp\/v2\/pages"}],"about":[{"href":"https:\/\/www.hab.eco\/es\/wp-json\/wp\/v2\/types\/page"}],"author":[{"embeddable":true,"href":"https:\/\/www.hab.eco\/es\/wp-json\/wp\/v2\/users\/1"}],"replies":[{"embeddable":true,"href":"https:\/\/www.hab.eco\/es\/wp-json\/wp\/v2\/comments?post=1761"}],"version-history":[{"count":3,"href":"https:\/\/www.hab.eco\/es\/wp-json\/wp\/v2\/pages\/1761\/revisions"}],"predecessor-version":[{"id":2010,"href":"https:\/\/www.hab.eco\/es\/wp-json\/wp\/v2\/pages\/1761\/revisions\/2010"}],"wp:attachment":[{"href":"https:\/\/www.hab.eco\/es\/wp-json\/wp\/v2\/media?parent=1761"}],"curies":[{"name":"wp","href":"https:\/\/api.w.org\/{rel}","templated":true}]}}